{"id":424,"date":"2020-08-08T17:01:52","date_gmt":"2020-08-08T17:01:52","guid":{"rendered":"https:\/\/hazardcontrolgermany.com\/?page_id=424"},"modified":"2025-04-13T05:40:05","modified_gmt":"2025-04-13T05:40:05","slug":"team","status":"publish","type":"page","link":"https:\/\/hazardcontrolgermany.com\/de\/team\/","title":{"rendered":"Team"},"content":{"rendered":"<div data-elementor-type=\"wp-page\" data-elementor-id=\"424\" class=\"elementor elementor-424\">\n\t\t\t\t\t\t<div class=\"elementor-inner\">\n\t\t\t\t<div class=\"elementor-section-wrap\">\n\t\t\t\t\t\t\t\t\t<section class=\"elementor-section elementor-top-section elementor-element elementor-element-5131a13e elementor-section-height-min-height elementor-section-boxed elementor-section-height-default elementor-section-items-middle\" data-id=\"5131a13e\" data-element_type=\"section\" data-settings=\"{&quot;background_background&quot;:&quot;classic&quot;}\">\n\t\t\t\t\t\t\t<div class=\"elementor-background-overlay\"><\/div>\n\t\t\t\t\t\t\t<div class=\"elementor-container elementor-column-gap-default\">\n\t\t\t\t\t\t\t<div class=\"elementor-row\">\n\t\t\t\t\t<div class=\"elementor-column elementor-col-100 elementor-top-column elementor-element elementor-element-1053ca7a\" data-id=\"1053ca7a\" data-element_type=\"column\">\n\t\t\t<div class=\"elementor-column-wrap elementor-element-populated\">\n\t\t\t\t\t\t\t<div class=\"elementor-widget-wrap\">\n\t\t\t\t\t\t<div class=\"elementor-element elementor-element-3d99e122 elementor-widget elementor-widget-heading\" data-id=\"3d99e122\" data-element_type=\"widget\" data-widget_type=\"heading.default\">\n\t\t\t\t<div class=\"elementor-widget-container\">\n\t\t\t<h1 class=\"elementor-heading-title elementor-size-default\">Team<\/h1>\t\t<\/div>\n\t\t\t\t<\/div>\n\t\t\t\t\t\t<\/div>\n\t\t\t\t\t<\/div>\n\t\t<\/div>\n\t\t\t\t\t\t\t\t<\/div>\n\t\t\t\t\t<\/div>\n\t\t<\/section>\n\t\t\t\t<section class=\"elementor-section elementor-top-section elementor-element elementor-element-8105e30 elementor-section-boxed elementor-section-height-default elementor-section-height-default\" data-id=\"8105e30\" data-element_type=\"section\">\n\t\t\t\t\t\t<div class=\"elementor-container elementor-column-gap-default\">\n\t\t\t\t\t\t\t<div class=\"elementor-row\">\n\t\t\t\t\t<div class=\"elementor-column elementor-col-100 elementor-top-column elementor-element elementor-element-f149e63\" data-id=\"f149e63\" data-element_type=\"column\">\n\t\t\t<div class=\"elementor-column-wrap elementor-element-populated\">\n\t\t\t\t\t\t\t<div class=\"elementor-widget-wrap\">\n\t\t\t\t\t\t<section class=\"elementor-section elementor-inner-section elementor-element elementor-element-7a77821 elementor-section-content-bottom elementor-section-boxed elementor-section-height-default elementor-section-height-default\" data-id=\"7a77821\" data-element_type=\"section\">\n\t\t\t\t\t\t<div class=\"elementor-container elementor-column-gap-wider\">\n\t\t\t\t\t\t\t<div class=\"elementor-row\">\n\t\t\t\t\t<div class=\"elementor-column elementor-col-33 elementor-inner-column elementor-element elementor-element-9647c03\" data-id=\"9647c03\" data-element_type=\"column\">\n\t\t\t<div class=\"elementor-column-wrap elementor-element-populated\">\n\t\t\t\t\t\t\t<div class=\"elementor-widget-wrap\">\n\t\t\t\t\t\t<div class=\"elementor-element elementor-element-545cf61 elementor-widget elementor-widget-image\" data-id=\"545cf61\" data-element_type=\"widget\" data-widget_type=\"image.default\">\n\t\t\t\t<div class=\"elementor-widget-container\">\n\t\t\t\t\t\t\t\t<div class=\"elementor-image\">\n\t\t\t\t\t\t\t\t\t\t\t\t<img width=\"300\" height=\"400\" src=\"https:\/\/hazardcontrolgermany.com\/wp-content\/uploads\/2020\/08\/Alfred-Krippendorf.png\" class=\"attachment-full size-full wp-image-434\" alt=\"Alfred Krippendorf\" srcset=\"https:\/\/hazardcontrolgermany.com\/wp-content\/uploads\/2020\/08\/Alfred-Krippendorf.png 300w, https:\/\/hazardcontrolgermany.com\/wp-content\/uploads\/2020\/08\/Alfred-Krippendorf-225x300.png 225w\" sizes=\"(max-width: 300px) 100vw, 300px\" \/>\t\t\t\t\t\t\t\t\t\t\t\t\t\t<\/div>\n\t\t\t\t\t\t<\/div>\n\t\t\t\t<\/div>\n\t\t\t\t\t\t<\/div>\n\t\t\t\t\t<\/div>\n\t\t<\/div>\n\t\t\t\t<div class=\"elementor-column elementor-col-66 elementor-inner-column elementor-element elementor-element-d298567\" data-id=\"d298567\" data-element_type=\"column\">\n\t\t\t<div class=\"elementor-column-wrap elementor-element-populated\">\n\t\t\t\t\t\t\t<div class=\"elementor-widget-wrap\">\n\t\t\t\t\t\t<div class=\"elementor-element elementor-element-3ed513e elementor-widget elementor-widget-heading\" data-id=\"3ed513e\" data-element_type=\"widget\" data-widget_type=\"heading.default\">\n\t\t\t\t<div class=\"elementor-widget-container\">\n\t\t\t<div class=\"elementor-heading-title elementor-size-small\">CEO, Spezialist f\u00fcr chemische Kampfstoffe und ABC-Abwehr<\/div>\t\t<\/div>\n\t\t\t\t<\/div>\n\t\t\t\t<div class=\"elementor-element elementor-element-67bd790 elementor-position-left elementor-vertical-align-top elementor-widget elementor-widget-image-box\" data-id=\"67bd790\" data-element_type=\"widget\" data-widget_type=\"image-box.default\">\n\t\t\t\t<div class=\"elementor-widget-container\">\n\t\t\t<div class=\"elementor-image-box-wrapper\"><div class=\"elementor-image-box-content\"><h3 class=\"elementor-image-box-title\">Dipl. Ing. Ing. Chem. Alfred Krippendorf Hauptmann a.D.<\/h3><p class=\"elementor-image-box-description\"><br>Studium an der Milit\u00e4runiversit\u00e4t L\u00f6bau, Zugf\u00fchrer und Kompaniechef im 5. Chemischen Verteidigungsbataillon in Prenzlau, Zugf\u00fchrer und Kompaniechef der Laboreinheit im 5. Detonometrie- und Aufkl\u00e4rungsbataillon in Prenzlau, Leiter der Toxikologischen und Radiologischen Gruppe am \u00dcbungsgel\u00e4nde und zentralen Kampfstofflager Storkow, ABC-Verteidigungsoffizier der 80. Pionierbrigade von 1990-1992. Selbst\u00e4ndig als Gesch\u00e4ftsf\u00fchrer der HCG - Hazard Control GmbH seit 1995 mit Projekten zur CWM-Entsorgung in Deutschland, Japan, Frankreich und Russland.<\/p><\/div><\/div>\t\t<\/div>\n\t\t\t\t<\/div>\n\t\t\t\t\t\t<\/div>\n\t\t\t\t\t<\/div>\n\t\t<\/div>\n\t\t\t\t\t\t\t\t<\/div>\n\t\t\t\t\t<\/div>\n\t\t<\/section>\n\t\t\t\t<section class=\"elementor-section elementor-inner-section elementor-element elementor-element-5ab99c6 elementor-section-content-bottom elementor-section-boxed elementor-section-height-default elementor-section-height-default\" data-id=\"5ab99c6\" data-element_type=\"section\">\n\t\t\t\t\t\t<div class=\"elementor-container elementor-column-gap-wider\">\n\t\t\t\t\t\t\t<div class=\"elementor-row\">\n\t\t\t\t\t<div class=\"elementor-column elementor-col-33 elementor-inner-column elementor-element elementor-element-b3bf387\" data-id=\"b3bf387\" data-element_type=\"column\">\n\t\t\t<div class=\"elementor-column-wrap elementor-element-populated\">\n\t\t\t\t\t\t\t<div class=\"elementor-widget-wrap\">\n\t\t\t\t\t\t<div class=\"elementor-element elementor-element-86dd218 elementor-widget elementor-widget-image\" data-id=\"86dd218\" data-element_type=\"widget\" data-widget_type=\"image.default\">\n\t\t\t\t<div class=\"elementor-widget-container\">\n\t\t\t\t\t\t\t\t<div class=\"elementor-image\">\n\t\t\t\t\t\t\t\t\t\t\t\t<img width=\"300\" height=\"399\" src=\"https:\/\/hazardcontrolgermany.com\/wp-content\/uploads\/2020\/08\/Valerij-Nadein.png\" class=\"attachment-full size-full wp-image-450\" alt=\"\" srcset=\"https:\/\/hazardcontrolgermany.com\/wp-content\/uploads\/2020\/08\/Valerij-Nadein.png 300w, https:\/\/hazardcontrolgermany.com\/wp-content\/uploads\/2020\/08\/Valerij-Nadein-226x300.png 226w\" sizes=\"(max-width: 300px) 100vw, 300px\" \/>\t\t\t\t\t\t\t\t\t\t\t\t\t\t<\/div>\n\t\t\t\t\t\t<\/div>\n\t\t\t\t<\/div>\n\t\t\t\t\t\t<\/div>\n\t\t\t\t\t<\/div>\n\t\t<\/div>\n\t\t\t\t<div class=\"elementor-column elementor-col-66 elementor-inner-column elementor-element elementor-element-92d050c\" data-id=\"92d050c\" data-element_type=\"column\">\n\t\t\t<div class=\"elementor-column-wrap elementor-element-populated\">\n\t\t\t\t\t\t\t<div class=\"elementor-widget-wrap\">\n\t\t\t\t\t\t<div class=\"elementor-element elementor-element-4ec43f3 elementor-widget elementor-widget-heading\" data-id=\"4ec43f3\" data-element_type=\"widget\" data-widget_type=\"heading.default\">\n\t\t\t\t<div class=\"elementor-widget-container\">\n\t\t\t<div class=\"elementor-heading-title elementor-size-small\">Senior Specialist f\u00fcr chemische Analytik und Detektion<\/div>\t\t<\/div>\n\t\t\t\t<\/div>\n\t\t\t\t<div class=\"elementor-element elementor-element-1cf6062 elementor-position-left elementor-vertical-align-top elementor-widget elementor-widget-image-box\" data-id=\"1cf6062\" data-element_type=\"widget\" data-widget_type=\"image-box.default\">\n\t\t\t\t<div class=\"elementor-widget-container\">\n\t\t\t<div class=\"elementor-image-box-wrapper\"><div class=\"elementor-image-box-content\"><h3 class=\"elementor-image-box-title\">Valerij Nadein<\/h3><p class=\"elementor-image-box-description\"><br>Valerij Nadein arbeitet seit \u00fcber 10 Jahren mit chemischen Kampfstoffen und Kampfmitteln. Zu seinen Expertisen z\u00e4hlen analytische Chemie, die Handhabung von Kampfmitteln und ABC-Abwehrschutz. Valerij Nadein leitet das analytische Labor und ist verantwortlich f\u00fcr Ger\u00e4tekalibrierungen, den Versand von kundenspezifischen Instrumenten und die Ausbildung von Spezialeinheiten.<br><br><br><br><br><br><\/p><\/div><\/div>\t\t<\/div>\n\t\t\t\t<\/div>\n\t\t\t\t\t\t<\/div>\n\t\t\t\t\t<\/div>\n\t\t<\/div>\n\t\t\t\t\t\t\t\t<\/div>\n\t\t\t\t\t<\/div>\n\t\t<\/section>\n\t\t\t\t<section class=\"elementor-section elementor-inner-section elementor-element elementor-element-9100905 elementor-section-content-bottom elementor-section-boxed elementor-section-height-default elementor-section-height-default\" data-id=\"9100905\" data-element_type=\"section\">\n\t\t\t\t\t\t<div class=\"elementor-container elementor-column-gap-wider\">\n\t\t\t\t\t\t\t<div class=\"elementor-row\">\n\t\t\t\t\t<div class=\"elementor-column elementor-col-33 elementor-inner-column elementor-element elementor-element-5dd1be1\" data-id=\"5dd1be1\" data-element_type=\"column\">\n\t\t\t<div class=\"elementor-column-wrap elementor-element-populated\">\n\t\t\t\t\t\t\t<div class=\"elementor-widget-wrap\">\n\t\t\t\t\t\t<div class=\"elementor-element elementor-element-de40032 elementor-widget elementor-widget-image\" data-id=\"de40032\" data-element_type=\"widget\" data-widget_type=\"image.default\">\n\t\t\t\t<div class=\"elementor-widget-container\">\n\t\t\t\t\t\t\t\t<div class=\"elementor-image\">\n\t\t\t\t\t\t\t\t\t\t\t\t<img width=\"1533\" height=\"1920\" src=\"https:\/\/hazardcontrolgermany.com\/wp-content\/uploads\/2025\/02\/Jan-Luca-Stampf-Jan-Luca.jpg\" class=\"attachment-full size-full wp-image-2315\" alt=\"\" srcset=\"https:\/\/hazardcontrolgermany.com\/wp-content\/uploads\/2025\/02\/Jan-Luca-Stampf-Jan-Luca.jpg 1533w, https:\/\/hazardcontrolgermany.com\/wp-content\/uploads\/2025\/02\/Jan-Luca-Stampf-Jan-Luca-240x300.jpg 240w, https:\/\/hazardcontrolgermany.com\/wp-content\/uploads\/2025\/02\/Jan-Luca-Stampf-Jan-Luca-818x1024.jpg 818w, https:\/\/hazardcontrolgermany.com\/wp-content\/uploads\/2025\/02\/Jan-Luca-Stampf-Jan-Luca-768x962.jpg 768w, https:\/\/hazardcontrolgermany.com\/wp-content\/uploads\/2025\/02\/Jan-Luca-Stampf-Jan-Luca-1226x1536.jpg 1226w, https:\/\/hazardcontrolgermany.com\/wp-content\/uploads\/2025\/02\/Jan-Luca-Stampf-Jan-Luca-10x12.jpg 10w\" sizes=\"(max-width: 1533px) 100vw, 1533px\" \/>\t\t\t\t\t\t\t\t\t\t\t\t\t\t<\/div>\n\t\t\t\t\t\t<\/div>\n\t\t\t\t<\/div>\n\t\t\t\t\t\t<\/div>\n\t\t\t\t\t<\/div>\n\t\t<\/div>\n\t\t\t\t<div class=\"elementor-column elementor-col-66 elementor-inner-column elementor-element elementor-element-6e898d2\" data-id=\"6e898d2\" data-element_type=\"column\">\n\t\t\t<div class=\"elementor-column-wrap elementor-element-populated\">\n\t\t\t\t\t\t\t<div class=\"elementor-widget-wrap\">\n\t\t\t\t\t\t<div class=\"elementor-element elementor-element-1b4a50a elementor-widget elementor-widget-heading\" data-id=\"1b4a50a\" data-element_type=\"widget\" data-widget_type=\"heading.default\">\n\t\t\t\t<div class=\"elementor-widget-container\">\n\t\t\t<div class=\"elementor-heading-title elementor-size-small\">Wissenschaftlicher Mitarbeiter, Berater, Experte f\u00fcr Massenspektrometrie<\/div>\t\t<\/div>\n\t\t\t\t<\/div>\n\t\t\t\t<div class=\"elementor-element elementor-element-2070be3 elementor-position-left elementor-vertical-align-top elementor-widget elementor-widget-image-box\" data-id=\"2070be3\" data-element_type=\"widget\" data-widget_type=\"image-box.default\">\n\t\t\t\t<div class=\"elementor-widget-container\">\n\t\t\t<div class=\"elementor-image-box-wrapper\"><div class=\"elementor-image-box-content\"><h3 class=\"elementor-image-box-title\">Dr. Dipl.-Ing. Jan-Luca Stampf, MSc.<\/h3><p class=\"elementor-image-box-description\"><br>Mit \u00fcber sechs Jahren Berufserfahrung im Bereich der Beratung und analytischen Chemie, insbesondere der Massenspektrometrie, bringt Herr Dr. Stampf als Wissenschaftlicher Mitarbeiter bei Hazard Control GmbH eine fundierte Expertise in der ABC-Abwehr ein. Durch die Doktorarbeit in Pharmakologie an der Medizinischen Universit\u00e4t Wien sowie die Arbeit am HiddingenTestCenter wurden die F\u00e4higkeiten in praktischer Ausbildung und das Expertenwissen von Herrn Dr. Stampf gest\u00e4rkt. Das Ziel von Herrn Dr. Stampf ist es, durch Seine Fachkenntnisse und Zusammenarbeit zur Mission und Kultur des Unternehmens beizutragen und durch verschiedene Perspektiven und Erfahrungen Innovation zu f\u00f6rdern.<br><br>E-Mail: jls@hazardcontrolgermany.com<br><\/p><\/div><\/div>\t\t<\/div>\n\t\t\t\t<\/div>\n\t\t\t\t\t\t<\/div>\n\t\t\t\t\t<\/div>\n\t\t<\/div>\n\t\t\t\t\t\t\t\t<\/div>\n\t\t\t\t\t<\/div>\n\t\t<\/section>\n\t\t\t\t<section class=\"elementor-section elementor-inner-section elementor-element elementor-element-5a3610d elementor-section-content-bottom elementor-section-boxed elementor-section-height-default elementor-section-height-default\" data-id=\"5a3610d\" data-element_type=\"section\">\n\t\t\t\t\t\t<div class=\"elementor-container elementor-column-gap-wider\">\n\t\t\t\t\t\t\t<div class=\"elementor-row\">\n\t\t\t\t\t<div class=\"elementor-column elementor-col-100 elementor-inner-column elementor-element elementor-element-fd40f85\" data-id=\"fd40f85\" data-element_type=\"column\">\n\t\t\t<div class=\"elementor-column-wrap\">\n\t\t\t\t\t\t\t<div class=\"elementor-widget-wrap\">\n\t\t\t\t\t\t\t\t<\/div>\n\t\t\t\t\t<\/div>\n\t\t<\/div>\n\t\t\t\t\t\t\t\t<\/div>\n\t\t\t\t\t<\/div>\n\t\t<\/section>\n\t\t\t\t\t\t<\/div>\n\t\t\t\t\t<\/div>\n\t\t<\/div>\n\t\t\t\t\t\t\t\t<\/div>\n\t\t\t\t\t<\/div>\n\t\t<\/section>\n\t\t\t\t\t\t\t\t\t<\/div>\n\t\t\t<\/div>\n\t\t\t\t\t<\/div>","protected":false},"excerpt":{"rendered":"<p>Team CEO, Specialist for Chemical Weapon Handling, Analysis and CBRN Defense Dipl. Ing. Ing. Chem. Alfred Krippendorf Captain ret. Studies at the military university in L\u00f6bau, service as platoon leader and company commander in the 5th Chemical Defense Battalion in Prenzlau, platoon leader and company commander of the laboratory unit in the 5th Detonometry and &hellip;<\/p>\n<p class=\"read-more\"> <a class=\"\" href=\"https:\/\/hazardcontrolgermany.com\/de\/team\/\"> <span class=\"screen-reader-text\">Team<\/span> Read More &raquo;<\/a><\/p>","protected":false},"author":1,"featured_media":434,"parent":0,"menu_order":0,"comment_status":"closed","ping_status":"closed","template":"elementor_header_footer","meta":[],"_links":{"self":[{"href":"https:\/\/hazardcontrolgermany.com\/de\/wp-json\/wp\/v2\/pages\/424"}],"collection":[{"href":"https:\/\/hazardcontrolgermany.com\/de\/wp-json\/wp\/v2\/pages"}],"about":[{"href":"https:\/\/hazardcontrolgermany.com\/de\/wp-json\/wp\/v2\/types\/page"}],"author":[{"embeddable":true,"href":"https:\/\/hazardcontrolgermany.com\/de\/wp-json\/wp\/v2\/users\/1"}],"replies":[{"embeddable":true,"href":"https:\/\/hazardcontrolgermany.com\/de\/wp-json\/wp\/v2\/comments?post=424"}],"version-history":[{"count":36,"href":"https:\/\/hazardcontrolgermany.com\/de\/wp-json\/wp\/v2\/pages\/424\/revisions"}],"predecessor-version":[{"id":2334,"href":"https:\/\/hazardcontrolgermany.com\/de\/wp-json\/wp\/v2\/pages\/424\/revisions\/2334"}],"wp:featuredmedia":[{"embeddable":true,"href":"https:\/\/hazardcontrolgermany.com\/de\/wp-json\/wp\/v2\/media\/434"}],"wp:attachment":[{"href":"https:\/\/hazardcontrolgermany.com\/de\/wp-json\/wp\/v2\/media?parent=424"}],"curies":[{"name":"wp","href":"https:\/\/api.w.org\/{rel}","templated":true}]}}