{"id":32,"date":"2020-04-13T11:18:50","date_gmt":"2020-04-13T11:18:50","guid":{"rendered":"https:\/\/hazardcontrolgermany.com\/?page_id=32"},"modified":"2021-03-09T00:10:09","modified_gmt":"2021-03-09T00:10:09","slug":"analyses","status":"publish","type":"page","link":"https:\/\/hazardcontrolgermany.com\/de\/analyses\/","title":{"rendered":"Analysen"},"content":{"rendered":"<div data-elementor-type=\"wp-page\" data-elementor-id=\"32\" class=\"elementor elementor-32\">\n\t\t\t\t\t\t<div class=\"elementor-inner\">\n\t\t\t\t<div class=\"elementor-section-wrap\">\n\t\t\t\t\t\t\t\t\t<section class=\"elementor-section elementor-top-section elementor-element elementor-element-1b0a5d33 elementor-section-height-min-height elementor-section-boxed elementor-section-height-default elementor-section-items-middle\" data-id=\"1b0a5d33\" data-element_type=\"section\" data-settings=\"{&quot;background_background&quot;:&quot;classic&quot;}\">\n\t\t\t\t\t\t\t<div class=\"elementor-background-overlay\"><\/div>\n\t\t\t\t\t\t\t<div class=\"elementor-container elementor-column-gap-default\">\n\t\t\t\t\t\t\t<div class=\"elementor-row\">\n\t\t\t\t\t<div class=\"elementor-column elementor-col-100 elementor-top-column elementor-element elementor-element-1f841ba\" data-id=\"1f841ba\" data-element_type=\"column\">\n\t\t\t<div class=\"elementor-column-wrap elementor-element-populated\">\n\t\t\t\t\t\t\t<div class=\"elementor-widget-wrap\">\n\t\t\t\t\t\t<div class=\"elementor-element elementor-element-365ba0bd elementor-widget elementor-widget-heading\" data-id=\"365ba0bd\" data-element_type=\"widget\" data-widget_type=\"heading.default\">\n\t\t\t\t<div class=\"elementor-widget-container\">\n\t\t\t<h1 class=\"elementor-heading-title elementor-size-default\">Analyse Chemischer Kampfstoffe<\/h1>\t\t<\/div>\n\t\t\t\t<\/div>\n\t\t\t\t\t\t<\/div>\n\t\t\t\t\t<\/div>\n\t\t<\/div>\n\t\t\t\t\t\t\t\t<\/div>\n\t\t\t\t\t<\/div>\n\t\t<\/section>\n\t\t\t\t<section class=\"elementor-section elementor-top-section elementor-element elementor-element-7ab11ea elementor-section-boxed elementor-section-height-default elementor-section-height-default\" data-id=\"7ab11ea\" data-element_type=\"section\">\n\t\t\t\t\t\t<div class=\"elementor-container elementor-column-gap-default\">\n\t\t\t\t\t\t\t<div class=\"elementor-row\">\n\t\t\t\t\t<div class=\"elementor-column elementor-col-16 elementor-top-column elementor-element elementor-element-137b9d6\" data-id=\"137b9d6\" data-element_type=\"column\">\n\t\t\t<div class=\"elementor-column-wrap\">\n\t\t\t\t\t\t\t<div class=\"elementor-widget-wrap\">\n\t\t\t\t\t\t\t\t<\/div>\n\t\t\t\t\t<\/div>\n\t\t<\/div>\n\t\t\t\t<div class=\"elementor-column elementor-col-66 elementor-top-column elementor-element elementor-element-0ca6dd6\" data-id=\"0ca6dd6\" data-element_type=\"column\">\n\t\t\t<div class=\"elementor-column-wrap elementor-element-populated\">\n\t\t\t\t\t\t\t<div class=\"elementor-widget-wrap\">\n\t\t\t\t\t\t<div class=\"elementor-element elementor-element-d426a14 elementor-widget elementor-widget-text-editor\" data-id=\"d426a14\" data-element_type=\"widget\" data-widget_type=\"text-editor.default\">\n\t\t\t\t<div class=\"elementor-widget-container\">\n\t\t\t\t\t\t\t\t<div class=\"elementor-text-editor elementor-clearfix\">\n\t\t\t\t<p>HCG - Hazard Control GmbH bietet eine Vielzahl von chemischen Analysen an, basierend auf langj\u00e4hriger Erfahrungen im Umgang und in der Analyse von chemischen Kampfstoffen (CWAs) und Kampfmitteln (CWMs). Dar\u00fcber hinaus besitzt HCG - Hazard Control GmbH eine Umgangsgenehmigung f\u00fcr chemische Kampfstoffe.<\/p>\t\t\t\t\t<\/div>\n\t\t\t\t\t\t<\/div>\n\t\t\t\t<\/div>\n\t\t\t\t\t\t<\/div>\n\t\t\t\t\t<\/div>\n\t\t<\/div>\n\t\t\t\t<div class=\"elementor-column elementor-col-16 elementor-top-column elementor-element elementor-element-1bfa68b\" data-id=\"1bfa68b\" data-element_type=\"column\">\n\t\t\t<div class=\"elementor-column-wrap\">\n\t\t\t\t\t\t\t<div class=\"elementor-widget-wrap\">\n\t\t\t\t\t\t\t\t<\/div>\n\t\t\t\t\t<\/div>\n\t\t<\/div>\n\t\t\t\t\t\t\t\t<\/div>\n\t\t\t\t\t<\/div>\n\t\t<\/section>\n\t\t\t\t<section class=\"elementor-section elementor-top-section elementor-element elementor-element-f1c5182 elementor-section-boxed elementor-section-height-default elementor-section-height-default\" data-id=\"f1c5182\" data-element_type=\"section\">\n\t\t\t\t\t\t<div class=\"elementor-container elementor-column-gap-no\">\n\t\t\t\t\t\t\t<div class=\"elementor-row\">\n\t\t\t\t\t<div class=\"elementor-column elementor-col-50 elementor-top-column elementor-element elementor-element-8b86104\" data-id=\"8b86104\" data-element_type=\"column\">\n\t\t\t<div class=\"elementor-column-wrap elementor-element-populated\">\n\t\t\t\t\t\t\t<div class=\"elementor-widget-wrap\">\n\t\t\t\t\t\t<div class=\"elementor-element elementor-element-7f77871 elementor-widget elementor-widget-image\" data-id=\"7f77871\" data-element_type=\"widget\" data-widget_type=\"image.default\">\n\t\t\t\t<div class=\"elementor-widget-container\">\n\t\t\t\t\t\t\t\t<div class=\"elementor-image\">\n\t\t\t\t\t\t\t\t\t\t\t\t\t<a href=\"https:\/\/hazardcontrolgermany.com\/wp-content\/uploads\/2021\/01\/hazard-control-gmbh.jpg\" data-elementor-open-lightbox=\"yes\" data-elementor-lightbox-title=\"hazard control gmbh\" e-action-hash=\"#elementor-action%3Aaction%3Dlightbox%26settings%3DeyJpZCI6MTgwNCwidXJsIjoiaHR0cHM6XC9cL2hhemFyZGNvbnRyb2xnZXJtYW55LmNvbVwvd3AtY29udGVudFwvdXBsb2Fkc1wvMjAyMVwvMDFcL2hhemFyZC1jb250cm9sLWdtYmguanBnIn0%3D\">\n\t\t\t\t\t\t\t<img width=\"1024\" height=\"768\" src=\"https:\/\/hazardcontrolgermany.com\/wp-content\/uploads\/2021\/01\/hazard-control-gmbh.jpg\" class=\"attachment-large size-large wp-image-1804\" alt=\"hazard control gmbh\" srcset=\"https:\/\/hazardcontrolgermany.com\/wp-content\/uploads\/2021\/01\/hazard-control-gmbh.jpg 1024w, https:\/\/hazardcontrolgermany.com\/wp-content\/uploads\/2021\/01\/hazard-control-gmbh-300x225.jpg 300w, https:\/\/hazardcontrolgermany.com\/wp-content\/uploads\/2021\/01\/hazard-control-gmbh-768x576.jpg 768w, https:\/\/hazardcontrolgermany.com\/wp-content\/uploads\/2021\/01\/hazard-control-gmbh-16x12.jpg 16w\" sizes=\"(max-width: 1024px) 100vw, 1024px\" \/>\t\t\t\t\t\t\t\t<\/a>\n\t\t\t\t\t\t\t\t\t\t\t\t\t\t<\/div>\n\t\t\t\t\t\t<\/div>\n\t\t\t\t<\/div>\n\t\t\t\t\t\t<\/div>\n\t\t\t\t\t<\/div>\n\t\t<\/div>\n\t\t\t\t<div class=\"elementor-column elementor-col-50 elementor-top-column elementor-element elementor-element-d4c59cf\" data-id=\"d4c59cf\" data-element_type=\"column\">\n\t\t\t<div class=\"elementor-column-wrap elementor-element-populated\">\n\t\t\t\t\t\t\t<div class=\"elementor-widget-wrap\">\n\t\t\t\t\t\t<div class=\"elementor-element elementor-element-ce86c28 elementor-widget elementor-widget-heading\" data-id=\"ce86c28\" data-element_type=\"widget\" data-widget_type=\"heading.default\">\n\t\t\t\t<div class=\"elementor-widget-container\">\n\t\t\t<h2 class=\"elementor-heading-title elementor-size-default\">Detektion, Identifikation und Analyse chemischer Kampfstoffe<\/h2>\t\t<\/div>\n\t\t\t\t<\/div>\n\t\t\t\t<div class=\"elementor-element elementor-element-78dcae9 elementor-widget elementor-widget-text-editor\" data-id=\"78dcae9\" data-element_type=\"widget\" data-widget_type=\"text-editor.default\">\n\t\t\t\t<div class=\"elementor-widget-container\">\n\t\t\t\t\t\t\t\t<div class=\"elementor-text-editor elementor-clearfix\">\n\t\t\t\t<p>Detektion und Analyse einer Vielzahl von chemischen Kampfstoffen. Identifizierung unbekannter Verbindungen durch Isotopenuntersuchung unter Verwendung verschiedener Analysesysteme wie z.B. Gaschromatographie mit Massenspektromietre-Kopplung (GC-MS), Hochleistungsfl\u00fcssigkeitschromatographie (HPLC), hochaufl\u00f6sende MS \/ MS- und Ionenmobilit\u00e4tsspektrometrie (IMS).<\/p><p>\u00a0<\/p>\t\t\t\t\t<\/div>\n\t\t\t\t\t\t<\/div>\n\t\t\t\t<\/div>\n\t\t\t\t\t\t<\/div>\n\t\t\t\t\t<\/div>\n\t\t<\/div>\n\t\t\t\t\t\t\t\t<\/div>\n\t\t\t\t\t<\/div>\n\t\t<\/section>\n\t\t\t\t<section class=\"elementor-section elementor-top-section elementor-element elementor-element-abc8615 elementor-section-boxed elementor-section-height-default elementor-section-height-default\" data-id=\"abc8615\" data-element_type=\"section\">\n\t\t\t\t\t\t<div class=\"elementor-container elementor-column-gap-no\">\n\t\t\t\t\t\t\t<div class=\"elementor-row\">\n\t\t\t\t\t<div class=\"elementor-column elementor-col-50 elementor-top-column elementor-element elementor-element-707da82\" data-id=\"707da82\" data-element_type=\"column\">\n\t\t\t<div class=\"elementor-column-wrap elementor-element-populated\">\n\t\t\t\t\t\t\t<div class=\"elementor-widget-wrap\">\n\t\t\t\t\t\t<div class=\"elementor-element elementor-element-32be28a elementor-widget elementor-widget-image\" data-id=\"32be28a\" data-element_type=\"widget\" data-widget_type=\"image.default\">\n\t\t\t\t<div class=\"elementor-widget-container\">\n\t\t\t\t\t\t\t\t<div class=\"elementor-image\">\n\t\t\t\t\t\t\t\t\t\t\t\t\t<a href=\"https:\/\/hazardcontrolgermany.com\/wp-content\/uploads\/2020\/08\/P1170639.jpg\" data-elementor-open-lightbox=\"yes\" e-action-hash=\"#elementor-action%3Aaction%3Dlightbox%26settings%3DeyJpZCI6MzYyLCJ1cmwiOiJodHRwczpcL1wvaGF6YXJkY29udHJvbGdlcm1hbnkuY29tXC93cC1jb250ZW50XC91cGxvYWRzXC8yMDIwXC8wOFwvUDExNzA2MzkuanBnIn0%3D\">\n\t\t\t\t\t\t\t<img width=\"1024\" height=\"767\" src=\"https:\/\/hazardcontrolgermany.com\/wp-content\/uploads\/2020\/08\/P1170639.jpg\" class=\"attachment-large size-large wp-image-362\" alt=\"\" srcset=\"https:\/\/hazardcontrolgermany.com\/wp-content\/uploads\/2020\/08\/P1170639.jpg 1024w, https:\/\/hazardcontrolgermany.com\/wp-content\/uploads\/2020\/08\/P1170639-300x225.jpg 300w, https:\/\/hazardcontrolgermany.com\/wp-content\/uploads\/2020\/08\/P1170639-768x575.jpg 768w\" sizes=\"(max-width: 1024px) 100vw, 1024px\" \/>\t\t\t\t\t\t\t\t<\/a>\n\t\t\t\t\t\t\t\t\t\t\t\t\t\t<\/div>\n\t\t\t\t\t\t<\/div>\n\t\t\t\t<\/div>\n\t\t\t\t\t\t<\/div>\n\t\t\t\t\t<\/div>\n\t\t<\/div>\n\t\t\t\t<div class=\"elementor-column elementor-col-50 elementor-top-column elementor-element elementor-element-b7009c1\" data-id=\"b7009c1\" data-element_type=\"column\">\n\t\t\t<div class=\"elementor-column-wrap elementor-element-populated\">\n\t\t\t\t\t\t\t<div class=\"elementor-widget-wrap\">\n\t\t\t\t\t\t<div class=\"elementor-element elementor-element-b068f16 elementor-widget elementor-widget-heading\" data-id=\"b068f16\" data-element_type=\"widget\" data-widget_type=\"heading.default\">\n\t\t\t\t<div class=\"elementor-widget-container\">\n\t\t\t<h2 class=\"elementor-heading-title elementor-size-default\">Kundenspezifische Tests und Kalibrierungen<\/h2>\t\t<\/div>\n\t\t\t\t<\/div>\n\t\t\t\t<div class=\"elementor-element elementor-element-ee435a6 elementor-widget elementor-widget-text-editor\" data-id=\"ee435a6\" data-element_type=\"widget\" data-widget_type=\"text-editor.default\">\n\t\t\t\t<div class=\"elementor-widget-container\">\n\t\t\t\t\t\t\t\t<div class=\"elementor-text-editor elementor-clearfix\">\n\t\t\t\t<p>Entwicklung kundenspezifischer Analysemethoden und Bibliotheken f\u00fcr Massen- und Ionenmobilit\u00e4tsspektrometrie inkl. Training und Ger\u00e4tekalibrierung mit zertifizierten Standards von chemischen Kampfstoffen.<\/p><p>\u00a0<\/p>\t\t\t\t\t<\/div>\n\t\t\t\t\t\t<\/div>\n\t\t\t\t<\/div>\n\t\t\t\t\t\t<\/div>\n\t\t\t\t\t<\/div>\n\t\t<\/div>\n\t\t\t\t\t\t\t\t<\/div>\n\t\t\t\t\t<\/div>\n\t\t<\/section>\n\t\t\t\t<section class=\"elementor-section elementor-top-section elementor-element elementor-element-cd79318 elementor-section-boxed elementor-section-height-default elementor-section-height-default\" data-id=\"cd79318\" data-element_type=\"section\">\n\t\t\t\t\t\t<div class=\"elementor-container elementor-column-gap-no\">\n\t\t\t\t\t\t\t<div class=\"elementor-row\">\n\t\t\t\t\t<div class=\"elementor-column elementor-col-50 elementor-top-column elementor-element elementor-element-2a333ab\" data-id=\"2a333ab\" data-element_type=\"column\">\n\t\t\t<div class=\"elementor-column-wrap elementor-element-populated\">\n\t\t\t\t\t\t\t<div class=\"elementor-widget-wrap\">\n\t\t\t\t\t\t<div class=\"elementor-element elementor-element-a4a4e88 elementor-widget elementor-widget-image\" data-id=\"a4a4e88\" data-element_type=\"widget\" data-widget_type=\"image.default\">\n\t\t\t\t<div class=\"elementor-widget-container\">\n\t\t\t\t\t\t\t\t<div class=\"elementor-image\">\n\t\t\t\t\t\t\t\t\t\t\t\t\t<a href=\"https:\/\/hazardcontrolgermany.com\/wp-content\/uploads\/2020\/10\/P1150613.jpg\" data-elementor-open-lightbox=\"yes\" data-elementor-lightbox-title=\"P1150613\" e-action-hash=\"#elementor-action%3Aaction%3Dlightbox%26settings%3DeyJpZCI6MTIxNCwidXJsIjoiaHR0cHM6XC9cL2hhemFyZGNvbnRyb2xnZXJtYW55LmNvbVwvd3AtY29udGVudFwvdXBsb2Fkc1wvMjAyMFwvMTBcL1AxMTUwNjEzLmpwZyJ9\">\n\t\t\t\t\t\t\t<img width=\"1024\" height=\"767\" src=\"https:\/\/hazardcontrolgermany.com\/wp-content\/uploads\/2020\/10\/P1150613.jpg\" class=\"attachment-large size-large wp-image-1214\" alt=\"\" srcset=\"https:\/\/hazardcontrolgermany.com\/wp-content\/uploads\/2020\/10\/P1150613.jpg 1024w, https:\/\/hazardcontrolgermany.com\/wp-content\/uploads\/2020\/10\/P1150613-300x225.jpg 300w, https:\/\/hazardcontrolgermany.com\/wp-content\/uploads\/2020\/10\/P1150613-768x575.jpg 768w\" sizes=\"(max-width: 1024px) 100vw, 1024px\" \/>\t\t\t\t\t\t\t\t<\/a>\n\t\t\t\t\t\t\t\t\t\t\t\t\t\t<\/div>\n\t\t\t\t\t\t<\/div>\n\t\t\t\t<\/div>\n\t\t\t\t\t\t<\/div>\n\t\t\t\t\t<\/div>\n\t\t<\/div>\n\t\t\t\t<div class=\"elementor-column elementor-col-50 elementor-top-column elementor-element elementor-element-5ff820e\" data-id=\"5ff820e\" data-element_type=\"column\">\n\t\t\t<div class=\"elementor-column-wrap elementor-element-populated\">\n\t\t\t\t\t\t\t<div class=\"elementor-widget-wrap\">\n\t\t\t\t\t\t<div class=\"elementor-element elementor-element-36335fb elementor-widget elementor-widget-heading\" data-id=\"36335fb\" data-element_type=\"widget\" data-widget_type=\"heading.default\">\n\t\t\t\t<div class=\"elementor-widget-container\">\n\t\t\t<h2 class=\"elementor-heading-title elementor-size-default\">Gasphasenanalyse von chemischen Kampfstoffen<\/h2>\t\t<\/div>\n\t\t\t\t<\/div>\n\t\t\t\t<div class=\"elementor-element elementor-element-5765f1b elementor-widget elementor-widget-text-editor\" data-id=\"5765f1b\" data-element_type=\"widget\" data-widget_type=\"text-editor.default\">\n\t\t\t\t<div class=\"elementor-widget-container\">\n\t\t\t\t\t\t\t\t<div class=\"elementor-text-editor elementor-clearfix\">\n\t\t\t\t<p>Gasphasenuntersuchungen von chemischen Kampftstoffen zur Pr\u00fcfung von Materialen, Arbeitsschutz, Transportsicherheit, Hardwarefunktionen, CWM-Umgang und Zerst\u00f6rungsverfahren.<\/p><p>\u00a0<\/p>\t\t\t\t\t<\/div>\n\t\t\t\t\t\t<\/div>\n\t\t\t\t<\/div>\n\t\t\t\t\t\t<\/div>\n\t\t\t\t\t<\/div>\n\t\t<\/div>\n\t\t\t\t\t\t\t\t<\/div>\n\t\t\t\t\t<\/div>\n\t\t<\/section>\n\t\t\t\t<section class=\"elementor-section elementor-top-section elementor-element elementor-element-7f3cac4 elementor-section-boxed elementor-section-height-default elementor-section-height-default\" data-id=\"7f3cac4\" data-element_type=\"section\">\n\t\t\t\t\t\t<div class=\"elementor-container elementor-column-gap-no\">\n\t\t\t\t\t\t\t<div class=\"elementor-row\">\n\t\t\t\t\t<div class=\"elementor-column elementor-col-50 elementor-top-column elementor-element elementor-element-e776e48\" data-id=\"e776e48\" data-element_type=\"column\">\n\t\t\t<div class=\"elementor-column-wrap elementor-element-populated\">\n\t\t\t\t\t\t\t<div class=\"elementor-widget-wrap\">\n\t\t\t\t\t\t<div class=\"elementor-element elementor-element-8a21770 elementor-widget elementor-widget-image\" data-id=\"8a21770\" data-element_type=\"widget\" data-widget_type=\"image.default\">\n\t\t\t\t<div class=\"elementor-widget-container\">\n\t\t\t\t\t\t\t\t<div class=\"elementor-image\">\n\t\t\t\t\t\t\t\t\t\t\t\t\t<a href=\"https:\/\/hazardcontrolgermany.com\/wp-content\/uploads\/2020\/08\/IMG_3879.jpg\" data-elementor-open-lightbox=\"yes\" e-action-hash=\"#elementor-action%3Aaction%3Dlightbox%26settings%3DeyJpZCI6MzY2LCJ1cmwiOiJodHRwczpcL1wvaGF6YXJkY29udHJvbGdlcm1hbnkuY29tXC93cC1jb250ZW50XC91cGxvYWRzXC8yMDIwXC8wOFwvSU1HXzM4NzkuanBnIn0%3D\">\n\t\t\t\t\t\t\t<img width=\"1024\" height=\"768\" src=\"https:\/\/hazardcontrolgermany.com\/wp-content\/uploads\/2020\/08\/IMG_3879.jpg\" class=\"attachment-large size-large wp-image-366\" alt=\"\" srcset=\"https:\/\/hazardcontrolgermany.com\/wp-content\/uploads\/2020\/08\/IMG_3879.jpg 1024w, https:\/\/hazardcontrolgermany.com\/wp-content\/uploads\/2020\/08\/IMG_3879-300x225.jpg 300w, https:\/\/hazardcontrolgermany.com\/wp-content\/uploads\/2020\/08\/IMG_3879-768x576.jpg 768w\" sizes=\"(max-width: 1024px) 100vw, 1024px\" \/>\t\t\t\t\t\t\t\t<\/a>\n\t\t\t\t\t\t\t\t\t\t\t\t\t\t<\/div>\n\t\t\t\t\t\t<\/div>\n\t\t\t\t<\/div>\n\t\t\t\t\t\t<\/div>\n\t\t\t\t\t<\/div>\n\t\t<\/div>\n\t\t\t\t<div class=\"elementor-column elementor-col-50 elementor-top-column elementor-element elementor-element-6e122b4\" data-id=\"6e122b4\" data-element_type=\"column\">\n\t\t\t<div class=\"elementor-column-wrap elementor-element-populated\">\n\t\t\t\t\t\t\t<div class=\"elementor-widget-wrap\">\n\t\t\t\t\t\t<div class=\"elementor-element elementor-element-69c520f elementor-widget elementor-widget-heading\" data-id=\"69c520f\" data-element_type=\"widget\" data-widget_type=\"heading.default\">\n\t\t\t\t<div class=\"elementor-widget-container\">\n\t\t\t<h2 class=\"elementor-heading-title elementor-size-default\">Mobile Laboratorien<\/h2>\t\t<\/div>\n\t\t\t\t<\/div>\n\t\t\t\t<div class=\"elementor-element elementor-element-23e156d elementor-widget elementor-widget-text-editor\" data-id=\"23e156d\" data-element_type=\"widget\" data-widget_type=\"text-editor.default\">\n\t\t\t\t<div class=\"elementor-widget-container\">\n\t\t\t\t\t\t\t\t<div class=\"elementor-text-editor elementor-clearfix\">\n\t\t\t\t<p>Chemische Unterst\u00fctzung vor Ort durch eigene mobile Labore bei CWA- und CWM-Arbeiten.<\/p><p><br><\/p><p><br><\/p>\n<p><br><\/p>\n<p><br><\/p>\t\t\t\t\t<\/div>\n\t\t\t\t\t\t<\/div>\n\t\t\t\t<\/div>\n\t\t\t\t\t\t<\/div>\n\t\t\t\t\t<\/div>\n\t\t<\/div>\n\t\t\t\t\t\t\t\t<\/div>\n\t\t\t\t\t<\/div>\n\t\t<\/section>\n\t\t\t\t<section class=\"elementor-section elementor-top-section elementor-element elementor-element-6739ce1 elementor-section-boxed elementor-section-height-default elementor-section-height-default\" data-id=\"6739ce1\" data-element_type=\"section\">\n\t\t\t\t\t\t<div class=\"elementor-container elementor-column-gap-no\">\n\t\t\t\t\t\t\t<div class=\"elementor-row\">\n\t\t\t\t\t<div class=\"elementor-column elementor-col-50 elementor-top-column elementor-element elementor-element-2fe7ebc\" data-id=\"2fe7ebc\" data-element_type=\"column\">\n\t\t\t<div class=\"elementor-column-wrap elementor-element-populated\">\n\t\t\t\t\t\t\t<div class=\"elementor-widget-wrap\">\n\t\t\t\t\t\t<div class=\"elementor-element elementor-element-de16b74 elementor-widget elementor-widget-image\" data-id=\"de16b74\" data-element_type=\"widget\" data-widget_type=\"image.default\">\n\t\t\t\t<div class=\"elementor-widget-container\">\n\t\t\t\t\t\t\t\t<div class=\"elementor-image\">\n\t\t\t\t\t\t\t\t\t\t\t\t\t<a href=\"https:\/\/hazardcontrolgermany.com\/wp-content\/uploads\/2020\/10\/HA002.jpg\" data-elementor-open-lightbox=\"yes\" data-elementor-lightbox-title=\"HA002\" e-action-hash=\"#elementor-action%3Aaction%3Dlightbox%26settings%3DeyJpZCI6MTI1NywidXJsIjoiaHR0cHM6XC9cL2hhemFyZGNvbnRyb2xnZXJtYW55LmNvbVwvd3AtY29udGVudFwvdXBsb2Fkc1wvMjAyMFwvMTBcL0hBMDAyLmpwZyJ9\">\n\t\t\t\t\t\t\t<img width=\"1024\" height=\"768\" src=\"https:\/\/hazardcontrolgermany.com\/wp-content\/uploads\/2020\/10\/HA002.jpg\" class=\"attachment-large size-large wp-image-1257\" alt=\"\" srcset=\"https:\/\/hazardcontrolgermany.com\/wp-content\/uploads\/2020\/10\/HA002.jpg 1024w, https:\/\/hazardcontrolgermany.com\/wp-content\/uploads\/2020\/10\/HA002-300x225.jpg 300w, https:\/\/hazardcontrolgermany.com\/wp-content\/uploads\/2020\/10\/HA002-768x576.jpg 768w\" sizes=\"(max-width: 1024px) 100vw, 1024px\" \/>\t\t\t\t\t\t\t\t<\/a>\n\t\t\t\t\t\t\t\t\t\t\t\t\t\t<\/div>\n\t\t\t\t\t\t<\/div>\n\t\t\t\t<\/div>\n\t\t\t\t\t\t<\/div>\n\t\t\t\t\t<\/div>\n\t\t<\/div>\n\t\t\t\t<div class=\"elementor-column elementor-col-50 elementor-top-column elementor-element elementor-element-543c093\" data-id=\"543c093\" data-element_type=\"column\">\n\t\t\t<div class=\"elementor-column-wrap elementor-element-populated\">\n\t\t\t\t\t\t\t<div class=\"elementor-widget-wrap\">\n\t\t\t\t\t\t<div class=\"elementor-element elementor-element-f0d38a1 elementor-widget elementor-widget-heading\" data-id=\"f0d38a1\" data-element_type=\"widget\" data-widget_type=\"heading.default\">\n\t\t\t\t<div class=\"elementor-widget-container\">\n\t\t\t<h2 class=\"elementor-heading-title elementor-size-default\">Dekontamination chemischer Kampfstoffe<\/h2>\t\t<\/div>\n\t\t\t\t<\/div>\n\t\t\t\t<div class=\"elementor-element elementor-element-3fa6262 elementor-widget elementor-widget-text-editor\" data-id=\"3fa6262\" data-element_type=\"widget\" data-widget_type=\"text-editor.default\">\n\t\t\t\t<div class=\"elementor-widget-container\">\n\t\t\t\t\t\t\t\t<div class=\"elementor-text-editor elementor-clearfix\">\n\t\t\t\t<p>Dekontamination und Abfallbehandlung. \u00dcberpr\u00fcfung und Beurteilung von Dekontaminationsverfahren.<\/p><p>\u00a0<\/p><p>\u00a0<\/p><p>\u00a0<\/p><p>\u00a0<\/p>\t\t\t\t\t<\/div>\n\t\t\t\t\t\t<\/div>\n\t\t\t\t<\/div>\n\t\t\t\t\t\t<\/div>\n\t\t\t\t\t<\/div>\n\t\t<\/div>\n\t\t\t\t\t\t\t\t<\/div>\n\t\t\t\t\t<\/div>\n\t\t<\/section>\n\t\t\t\t\t\t\t\t\t<\/div>\n\t\t\t<\/div>\n\t\t\t\t\t<\/div>","protected":false},"excerpt":{"rendered":"<p>Analysis of Chemical Weapons HCG &#8211; Hazard Control GmbH offers a complete analytical service based on long-time experience in the handling and analysis of chemical weapons (CWAs) and chemical warfare materials (CWMs). Furthermore, HCG &#8211; Hazard Control GmbH holds a governmental license for working with live chemical weapons. Detection, Identification and Analysis of Chemical Weapons &hellip;<\/p>\n<p class=\"read-more\"> <a class=\"\" href=\"https:\/\/hazardcontrolgermany.com\/de\/analyses\/\"> <span class=\"screen-reader-text\">Analysen<\/span> Read More &raquo;<\/a><\/p>","protected":false},"author":1,"featured_media":1053,"parent":0,"menu_order":0,"comment_status":"closed","ping_status":"closed","template":"elementor_header_footer","meta":[],"_links":{"self":[{"href":"https:\/\/hazardcontrolgermany.com\/de\/wp-json\/wp\/v2\/pages\/32"}],"collection":[{"href":"https:\/\/hazardcontrolgermany.com\/de\/wp-json\/wp\/v2\/pages"}],"about":[{"href":"https:\/\/hazardcontrolgermany.com\/de\/wp-json\/wp\/v2\/types\/page"}],"author":[{"embeddable":true,"href":"https:\/\/hazardcontrolgermany.com\/de\/wp-json\/wp\/v2\/users\/1"}],"replies":[{"embeddable":true,"href":"https:\/\/hazardcontrolgermany.com\/de\/wp-json\/wp\/v2\/comments?post=32"}],"version-history":[{"count":4,"href":"https:\/\/hazardcontrolgermany.com\/de\/wp-json\/wp\/v2\/pages\/32\/revisions"}],"predecessor-version":[{"id":2269,"href":"https:\/\/hazardcontrolgermany.com\/de\/wp-json\/wp\/v2\/pages\/32\/revisions\/2269"}],"wp:featuredmedia":[{"embeddable":true,"href":"https:\/\/hazardcontrolgermany.com\/de\/wp-json\/wp\/v2\/media\/1053"}],"wp:attachment":[{"href":"https:\/\/hazardcontrolgermany.com\/de\/wp-json\/wp\/v2\/media?parent=32"}],"curies":[{"name":"wp","href":"https:\/\/api.w.org\/{rel}","templated":true}]}}